{"id":2371,"date":"2014-09-28T16:58:47","date_gmt":"2014-09-28T13:58:47","guid":{"rendered":"https:\/\/metallisation.ee\/?page_id=2371"},"modified":"2022-06-29T15:09:45","modified_gmt":"2022-06-29T12:09:45","slug":"kontakt-2","status":"publish","type":"page","link":"https:\/\/metallisation.ee\/lv\/kontakt-2\/","title":{"rendered":"Kontakt"},"content":{"rendered":"<div class=\"six column \">\n<h4 class=\"smallmargin-bottom\">Sazinieties ar mums!<\/h4>\n<div class=\"spacer\" style=\"height:1px; clear:both; display:block; margin:0 18px 20px 18px; padding:0; background:\">&nbsp;<\/div>\n<hr \/>\n<div class=\"spacer\" style=\"height:1px; clear:both; display:block; margin:0 18px 20px 18px; padding:0; background:\">&nbsp;<\/div>\n<div role=\"form\" class=\"wpcf7\" id=\"wpcf7-f2224-o1\" lang=\"lv\" dir=\"ltr\">\n<div class=\"screen-reader-response\"><p role=\"status\" aria-live=\"polite\" aria-atomic=\"true\"><\/p> <ul><\/ul><\/div>\n<form action=\"\/lv\/wp-json\/wp\/v2\/pages\/2371#wpcf7-f2224-o1\" method=\"post\" class=\"wpcf7-form init\" novalidate=\"novalidate\" data-status=\"init\">\n<div style=\"display: none;\">\n<input type=\"hidden\" name=\"_wpcf7\" value=\"2224\" \/>\n<input type=\"hidden\" name=\"_wpcf7_version\" value=\"5.5.4\" \/>\n<input type=\"hidden\" name=\"_wpcf7_locale\" value=\"lv\" \/>\n<input type=\"hidden\" name=\"_wpcf7_unit_tag\" value=\"wpcf7-f2224-o1\" \/>\n<input type=\"hidden\" name=\"_wpcf7_container_post\" value=\"0\" \/>\n<input type=\"hidden\" name=\"_wpcf7_posted_data_hash\" value=\"\" \/>\n<\/div>\n<p>V\u0101rds (piepras\u012bs)<br \/>\n    <span class=\"wpcf7-form-control-wrap your-name\"><input type=\"text\" name=\"your-name\" value=\"\" size=\"40\" class=\"wpcf7-form-control wpcf7-text wpcf7-validates-as-required\" aria-required=\"true\" aria-invalid=\"false\" \/><\/span> <\/p>\n<p>E-pasts (piepras\u012bts)<br \/>\n    <span class=\"wpcf7-form-control-wrap your-email\"><input type=\"email\" name=\"your-email\" value=\"\" size=\"40\" class=\"wpcf7-form-control wpcf7-text wpcf7-email wpcf7-validates-as-required wpcf7-validates-as-email\" aria-required=\"true\" aria-invalid=\"false\" \/><\/span> <\/p>\n<p>Zi\u0146a<br \/>\n    <span class=\"wpcf7-form-control-wrap your-message\"><textarea name=\"your-message\" cols=\"40\" rows=\"10\" class=\"wpcf7-form-control wpcf7-textarea\" aria-invalid=\"false\"><\/textarea><\/span> <\/p>\n<p><input type=\"submit\" value=\"Nos\u016bt\u012bt\" class=\"wpcf7-form-control has-spinner wpcf7-submit\" \/><\/p>\n<div class=\"wpcf7-response-output\" aria-hidden=\"true\"><\/div><\/form><\/div>\n<p>&nbsp;<\/p>\n<p>&nbsp;<\/p>\n<p>&nbsp;<\/p>\n<\/div>\n<div class=\"six column \">\n<div class=\"note \">\n<address><strong>Metalliseering O\u00dc<\/strong><br \/>\nRe\u0123. numurs: 12540090<br \/>\n<i class=\"icon-home  \"><\/i>Metalli tn. 10, Uhtna, Rakvere vald 44202<br \/>\n<i class=\"icon-emailalt  \"><\/i>info(et)metalliseering.ee<\/p>\n<\/address>\n<\/div>\n<div class=\"note-folded blue \">\n<address><strong>P\u0100RDO\u0160ANAS NODA\u013bA<\/strong><br \/>\n<i class=\"icon-phonealt  \"><\/i>+372 5388 7000<br \/>\n<i class=\"icon-emailalt  \"><\/i>info(et)metalliseering.ee<\/address>\n<\/div>\n<div class=\"note-folded blue \">\n<address><strong>Ivar Dreifeldt<\/strong><br \/>\n<i class=\"icon-contact-businesscard  \"><\/i>Valdes loceklis<br \/>\n<i class=\"icon-phonealt  \"><\/i>+372 508 0482<br \/>\n<i class=\"icon-emailalt  \"><\/i>ivar(et)metallisation.ee<\/address>\n<\/div>\n<\/div>\n<p><iframe loading=\"lazy\" style=\"border: 0;\" src=\"https:\/\/www.google.com\/maps\/embed?pb=!1m18!1m12!1m3!1d2035.123136947962!2d24.446256316304197!3d59.33089798165935!2m3!1f0!2f0!3f0!3m2!1i1024!2i768!4f13.1!3m3!1m2!1s0x0%3A0x0!2zNTnCsDE5JzUxLjIiTiAyNMKwMjYnNTQuNCJF!5e0!3m2!1set!2see!4v1549025118551\" width=\"950px\" height=\"400\" frameborder=\"0\" allowfullscreen=\"allowfullscreen\"><\/iframe><\/p>\n","protected":false},"excerpt":{"rendered":"","protected":false},"author":2,"featured_media":0,"parent":0,"menu_order":0,"comment_status":"closed","ping_status":"closed","template":"page-templates\/template-no-bottom-gape.php","meta":[],"yoast_head":"<!-- This site is optimized with the Yoast SEO plugin v18.0 - https:\/\/yoast.com\/wordpress\/plugins\/seo\/ -->\n<title>Kontakt - Metalliseering O\u00dc<\/title>\n<meta name=\"robots\" content=\"index, follow, max-snippet:-1, max-image-preview:large, max-video-preview:-1\" \/>\n<link rel=\"canonical\" href=\"https:\/\/metallisation.ee\/lv\/kontakt-2\/\" \/>\n<meta property=\"og:locale\" content=\"lv_LV\" \/>\n<meta property=\"og:type\" content=\"article\" \/>\n<meta property=\"og:title\" content=\"Kontakt - Metalliseering O\u00dc\" \/>\n<meta property=\"og:url\" content=\"https:\/\/metallisation.ee\/lv\/kontakt-2\/\" \/>\n<meta property=\"og:site_name\" content=\"Metalliseering O\u00dc\" \/>\n<meta property=\"article:modified_time\" content=\"2022-06-29T12:09:45+00:00\" \/>\n<script type=\"application\/ld+json\" class=\"yoast-schema-graph\">{\"@context\":\"https:\/\/schema.org\",\"@graph\":[{\"@type\":\"WebSite\",\"@id\":\"https:\/\/metallisation.ee\/#website\",\"url\":\"https:\/\/metallisation.ee\/\",\"name\":\"Metalliseering O\u00dc\",\"description\":\"\",\"potentialAction\":[{\"@type\":\"SearchAction\",\"target\":{\"@type\":\"EntryPoint\",\"urlTemplate\":\"https:\/\/metallisation.ee\/?s={search_term_string}\"},\"query-input\":\"required name=search_term_string\"}],\"inLanguage\":\"lv-LV\"},{\"@type\":\"WebPage\",\"@id\":\"https:\/\/metallisation.ee\/lv\/kontakt-2\/#webpage\",\"url\":\"https:\/\/metallisation.ee\/lv\/kontakt-2\/\",\"name\":\"Kontakt - Metalliseering O\u00dc\",\"isPartOf\":{\"@id\":\"https:\/\/metallisation.ee\/#website\"},\"datePublished\":\"2014-09-28T13:58:47+00:00\",\"dateModified\":\"2022-06-29T12:09:45+00:00\",\"breadcrumb\":{\"@id\":\"https:\/\/metallisation.ee\/lv\/kontakt-2\/#breadcrumb\"},\"inLanguage\":\"lv-LV\",\"potentialAction\":[{\"@type\":\"ReadAction\",\"target\":[\"https:\/\/metallisation.ee\/lv\/kontakt-2\/\"]}]},{\"@type\":\"BreadcrumbList\",\"@id\":\"https:\/\/metallisation.ee\/lv\/kontakt-2\/#breadcrumb\",\"itemListElement\":[{\"@type\":\"ListItem\",\"position\":1,\"name\":\"Home\",\"item\":\"https:\/\/metallisation.ee\/lv\/\"},{\"@type\":\"ListItem\",\"position\":2,\"name\":\"Kontakt\"}]}]}<\/script>\n<!-- \/ Yoast SEO plugin. -->","yoast_head_json":{"title":"Kontakt - Metalliseering O\u00dc","robots":{"index":"index","follow":"follow","max-snippet":"max-snippet:-1","max-image-preview":"max-image-preview:large","max-video-preview":"max-video-preview:-1"},"canonical":"https:\/\/metallisation.ee\/lv\/kontakt-2\/","og_locale":"lv_LV","og_type":"article","og_title":"Kontakt - Metalliseering O\u00dc","og_url":"https:\/\/metallisation.ee\/lv\/kontakt-2\/","og_site_name":"Metalliseering O\u00dc","article_modified_time":"2022-06-29T12:09:45+00:00","schema":{"@context":"https:\/\/schema.org","@graph":[{"@type":"WebSite","@id":"https:\/\/metallisation.ee\/#website","url":"https:\/\/metallisation.ee\/","name":"Metalliseering O\u00dc","description":"","potentialAction":[{"@type":"SearchAction","target":{"@type":"EntryPoint","urlTemplate":"https:\/\/metallisation.ee\/?s={search_term_string}"},"query-input":"required name=search_term_string"}],"inLanguage":"lv-LV"},{"@type":"WebPage","@id":"https:\/\/metallisation.ee\/lv\/kontakt-2\/#webpage","url":"https:\/\/metallisation.ee\/lv\/kontakt-2\/","name":"Kontakt - Metalliseering O\u00dc","isPartOf":{"@id":"https:\/\/metallisation.ee\/#website"},"datePublished":"2014-09-28T13:58:47+00:00","dateModified":"2022-06-29T12:09:45+00:00","breadcrumb":{"@id":"https:\/\/metallisation.ee\/lv\/kontakt-2\/#breadcrumb"},"inLanguage":"lv-LV","potentialAction":[{"@type":"ReadAction","target":["https:\/\/metallisation.ee\/lv\/kontakt-2\/"]}]},{"@type":"BreadcrumbList","@id":"https:\/\/metallisation.ee\/lv\/kontakt-2\/#breadcrumb","itemListElement":[{"@type":"ListItem","position":1,"name":"Home","item":"https:\/\/metallisation.ee\/lv\/"},{"@type":"ListItem","position":2,"name":"Kontakt"}]}]}},"_links":{"self":[{"href":"https:\/\/metallisation.ee\/lv\/wp-json\/wp\/v2\/pages\/2371"}],"collection":[{"href":"https:\/\/metallisation.ee\/lv\/wp-json\/wp\/v2\/pages"}],"about":[{"href":"https:\/\/metallisation.ee\/lv\/wp-json\/wp\/v2\/types\/page"}],"author":[{"embeddable":true,"href":"https:\/\/metallisation.ee\/lv\/wp-json\/wp\/v2\/users\/2"}],"replies":[{"embeddable":true,"href":"https:\/\/metallisation.ee\/lv\/wp-json\/wp\/v2\/comments?post=2371"}],"version-history":[{"count":12,"href":"https:\/\/metallisation.ee\/lv\/wp-json\/wp\/v2\/pages\/2371\/revisions"}],"predecessor-version":[{"id":2795,"href":"https:\/\/metallisation.ee\/lv\/wp-json\/wp\/v2\/pages\/2371\/revisions\/2795"}],"wp:attachment":[{"href":"https:\/\/metallisation.ee\/lv\/wp-json\/wp\/v2\/media?parent=2371"}],"curies":[{"name":"wp","href":"https:\/\/api.w.org\/{rel}","templated":true}]}}