{"id":2361,"date":"2014-09-28T16:53:38","date_gmt":"2014-09-28T13:53:38","guid":{"rendered":"https:\/\/metallisation.ee\/?page_id=2361"},"modified":"2014-09-28T16:53:38","modified_gmt":"2014-09-28T13:53:38","slug":"aizsargaprikojums","status":"publish","type":"page","link":"https:\/\/metallisation.ee\/lv\/aizsargaprikojums\/","title":{"rendered":"Aizsargapr\u012bkojums"},"content":{"rendered":"<div class=\"twelve column \"><strong>Pied\u0101v\u0101jam da\u017e\u0101dus Lielbrit\u0101nijas kvalitat\u012bvus produktus aizsargapr\u012bkojuma jom\u0101, lai nodro\u0161in\u0101tu dro\u0161u un t\u012bra gaisa darba vidi J\u016bsu ra\u017eo\u0161an\u0101!<\/strong><\/div>\n<div class=\"twelve column \">\n<div class=\"six column \">\n<h3><span class=\"highlight \"><strong>Scorpion Shot Blast \u0137ivere<\/strong><\/span><\/h3>\n<p>Scorpion \u0137ivere ir jaun\u0101kais produkts pasaul\u0113, speci\u0101li str\u0101d\u0101\u0161anai t\u012brot ar skro\u0161u un smil\u0161u str\u016bklu, aizsarg\u0137ivere, kas ir \u0113rti valk\u0101jama, ar lielisku redzam\u012bbu, un ir pietiekami liela, lai piel\u0101gotu austi\u0146as.<\/p>\n<ul class=\"check \">\n<li>Platle\u0146\u0137a redzam\u012bba<\/li>\n<li>Dro\u0161s, br\u012bdina, kad spiegums nokr\u012btas zem minim\u0101l\u0101 vajadz\u012bg\u0101<\/li>\n<li>Regul\u0113jams regulators<\/li>\n<li>\u0112rts, kluss gaisa piepl\u016bdums &#8211; zem 80dBA<\/li>\n<li>Neoblig\u0101ts chinstrap aizsargpriek\u0161auts<\/li>\n<li>Vabatahtlik chinstrap kaitsep\u00f5ll<\/li>\n<li>Nomin\u0101lais aizsardz\u012bbas koeficients (NPF)= 500<\/li>\n<li>Atbilst standartam BSEN 14594:2005 klase 4B un CE<\/li>\n<li>Komplekt\u0101 regulators bez \u0161\u013c\u016btenes<\/li>\n<\/ul>\n<h4><span class=\"highlight green\">349 EIRO<\/span><\/h4>\n<\/div>\n<div class=\"six column \">\n<img loading=\"lazy\" width=\"276\" height=\"430\" class=\"aligncenter size-full wp-image-2141\" alt=\"Scorpion Shot Blast Helmet\" src=\"https:\/\/metallisation.ee\/wp-content\/uploads\/scorpion-shot-blast-helmet.jpg\" srcset=\"https:\/\/metallisation.ee\/wp-content\/uploads\/scorpion-shot-blast-helmet.jpg 276w, https:\/\/metallisation.ee\/wp-content\/uploads\/scorpion-shot-blast-helmet-192x300.jpg 192w\" sizes=\"(max-width: 276px) 100vw, 276px\" \/>\n<\/div>\n<\/div>\n<div class=\"spacer\" style=\"height:1px; clear:both; display:block; margin:0 18px 20px 18px; padding:0; background:#ccc\">&nbsp;<\/div>\n<div class=\"twelve column \">\n<div class=\"six column \">\n<h3><span class=\"highlight \"><strong>Phoenix Mkll<\/strong><\/span><\/h3>\n<p>Phoenix  metaliz\u0101cijai paredz\u0101ts vizieris un kapuce apvieno modernu saspiesta gaisa elpo\u0161anas tehnolo\u0123iju. Vizieris ir speci\u0101li izstr\u0101d\u0101ts met\u0101lu smidzin\u0101\u0161anai. Viegls, bet iztur\u012bgs Phoenix tika izstr\u0101d\u0101ts, lai nodro\u0161in\u0101tu aizsardz\u012bbu \u012bpa\u0161i no metaliz\u0101cijas putek\u013ciem un met\u0101la da\u013ci\u0146\u0101m.<\/p>\n<ul class=\"check \">\n<li>CE standartam BSEN1835:2000<\/li>\n<li>Komplekt\u0101 regul\u0113jams regulators<\/li>\n<li>Nomain\u0101ms vizieris (Peel Off)<\/li>\n<li>Komplekt\u0101 iztur\u012bga neilona soma<\/li>\n<li>Platle\u0146\u0137a redzam\u012bba<\/li>\n<li>Viegls un \u0113rts<\/li>\n<li>Nomin\u0101lais aizsardz\u012bbas koeficients 200 (klase 3)<\/li>\n<li>Regul\u0113jama josta (22\u201c-48\u201c jostas vieta)<\/li>\n<li>Vad\u012bbas bloks 3D regul\u0113\u0161anai<\/li>\n<\/ul>\n<h4><span class=\"highlight green\">465 EIRO<\/span><\/h4>\n<\/div>\n<div class=\"six column \">\n<img loading=\"lazy\" width=\"329\" height=\"460\" class=\"aligncenter size-full wp-image-2138\" alt=\"Phoenix MK2\" src=\"https:\/\/metallisation.ee\/wp-content\/uploads\/phoenix-mk2.jpg\" srcset=\"https:\/\/metallisation.ee\/wp-content\/uploads\/phoenix-mk2.jpg 329w, https:\/\/metallisation.ee\/wp-content\/uploads\/phoenix-mk2-214x300.jpg 214w\" sizes=\"(max-width: 329px) 100vw, 329px\" \/>\n<\/div>\n<\/div>\n<div class=\"spacer\" style=\"height:1px; clear:both; display:block; margin:0 18px 20px 18px; padding:0; background:#ccc\">&nbsp;<\/div>\n<div class=\"twelve column \">\n<div class=\"six column \">\n<h3><span class=\"highlight \"><strong>Crusader Lite Type R<\/strong><\/span><\/h3>\n<p>Crusader Lite ir univers\u0101ls un sp\u0113c\u012bgs lieto\u0161anai vis\u0101s r\u016bpniec\u012bbas nozar\u0113s. Ier\u012bce sver tikai 350g. Pateicoties platle\u0146\u0137a redzam\u012bbai ier\u012bce ir \u0113rti izmantojama telp\u0101s, kur kust\u012bba ir ierobe\u017eota.<\/p>\n<ul class=\"check \">\n<li>Atbilst standartam EN1835 klase 3<\/li>\n<li>Nomin\u0101lais aizsardz\u012bbas koeficients 200<\/li>\n<li>Palielin\u0101ts redzeslauks, gan s\u0101nos, gan vertik\u0101li<\/li>\n<li>Viegls (350g)<\/li>\n<li>Ar speci\u0101lu vilc\u0113ju un viegli uzst\u0101d\u0101ms<\/li>\n<li>Komplekt\u0101 regulators<\/li>\n<\/ul>\n<h4><span class=\"highlight green\">258 EIRO<\/span><\/h4>\n<\/div>\n<div class=\"six column \">\n<img loading=\"lazy\" width=\"521\" height=\"360\" class=\"aligncenter size-full wp-image-2136\" alt=\"Type R\" src=\"https:\/\/metallisation.ee\/wp-content\/uploads\/type-r.jpg\" srcset=\"https:\/\/metallisation.ee\/wp-content\/uploads\/type-r.jpg 521w, https:\/\/metallisation.ee\/wp-content\/uploads\/type-r-300x207.jpg 300w\" sizes=\"(max-width: 521px) 100vw, 521px\" \/>\n<\/div>\n<\/div>\n<div class=\"spacer\" style=\"height:1px; clear:both; display:block; margin:0 18px 20px 18px; padding:0; background:#ccc\">&nbsp;<\/div>\n<div class=\"twelve column \">\n<div class=\"six column \">\n<h3><span class=\"highlight \"><strong>3 Stage Filter<\/strong><\/span><\/h3>\n<p>3 posmu pre-filtrs\/ Coalescent  filtrs\/ oglek\u013ca filtra vien\u012bba dod:<\/p>\n<ul class=\"check \">\n<li>Ultra t\u012brs saspiests gaiss<\/li>\n<li>Ar \u00bd BSP iek\u0161\u0113jo savienojumu iepl\u016bdes un izpl\u016bdes savienojumus<\/li>\n<li>Piem\u0113rota temperat\u016bra 1,5C l\u012bdz 50C<\/li>\n<li>Pusautom\u0101tisks posmieds 1 un 2. Ja spiens ir izsl\u0113gts<\/li>\n<li>Filtri filtr\u0113 net\u012brumus un \u0161\u0137idrumus e\u013c\u013cas atkritumu konteiner\u0101<\/li>\n<li>Sl\u0113gts polietil\u0113na apvalks ar turi<\/li>\n<li>Apg\u0101d\u0101 660 litrus\/min\u016bt\u0113 (23,4cfm) ir pietiekami, lai apg\u0101d\u0101tu divas ier\u012bces ar gaisu<\/li>\n<li>Komplekt\u0101 divi savienot\u0101ji<\/li>\n<\/ul>\n<h4><span class=\"highlight green\">500 EIRO<\/span><\/h4>\n<\/div>\n<div class=\"six column \">\n<img loading=\"lazy\" class=\"size-full wp-image-2148 aligncenter\" alt=\"3 astmeline filter\" src=\"https:\/\/metallisation.ee\/wp-content\/uploads\/3-astmeline-filter.jpg\" width=\"375\" height=\"360\" srcset=\"https:\/\/metallisation.ee\/wp-content\/uploads\/3-astmeline-filter.jpg 375w, https:\/\/metallisation.ee\/wp-content\/uploads\/3-astmeline-filter-300x288.jpg 300w\" sizes=\"(max-width: 375px) 100vw, 375px\" \/>\n<\/div>\n<\/div>\n<div class=\"spacer\" style=\"height:1px; clear:both; display:block; margin:0 18px 20px 18px; padding:0; background:#ccc\">&nbsp;<\/div>\n<div class=\"twelve column \">\n<div class=\"six column \">\n<h3><span class=\"highlight \"><strong>10m savienojuma kabelis<\/strong><\/span><\/h3>\n<p>Izmanto\u0161anai starp 3 posmu filtru un gaisa regulatoru, kas atrodas uz jostas.<\/p>\n<ul class=\"check \">\n<li>Pieg\u0101d\u0101 ultra t\u012bru elpojo\u0161anas gaisu<\/li>\n<li>\u0100tr\u0101 savienojuma \u00bd BSP hrom\u0113tas uzmavas<\/li>\n<li>Iztur\u012bgs pret slodz\u0113m<\/li>\n<\/ul>\n<p><img loading=\"lazy\" class=\"size-full wp-image-2151 alignnone\" alt=\"10m \u00fchenduskaabel\" src=\"https:\/\/metallisation.ee\/wp-content\/uploads\/10m-uhenduskaabel.jpg\" width=\"447\" height=\"327\" srcset=\"https:\/\/metallisation.ee\/wp-content\/uploads\/10m-uhenduskaabel.jpg 447w, https:\/\/metallisation.ee\/wp-content\/uploads\/10m-uhenduskaabel-300x219.jpg 300w\" sizes=\"(max-width: 447px) 100vw, 447px\" \/><\/p>\n<h4><span class=\"highlight green\">78 EIRO<\/span><\/h4>\n<\/div>\n<div class=\"six column \">\n<h3><span class=\"highlight \"><strong>1,5m Spray \u0161\u013c\u016btene<\/strong><\/span><\/h3>\n<p>Lieto\u0161anai instrumentiem ar pulverizatoru vai saspiestu gaisu:<\/p>\n<ul class=\"check \">\n<li>Ultra t\u012brs saspiests gaiss<\/li>\n<li>Iztur\u012bgs un stiprs slodz\u0113m<\/li>\n<li>\u0100tr\u0101 savienojuma \u00bd BSP hrom\u0113tas uzmavas<\/li>\n<\/ul>\n<p><img loading=\"lazy\" width=\"447\" height=\"327\" class=\"alignnone size-full wp-image-2155\" alt=\"Voolik\" src=\"https:\/\/metallisation.ee\/wp-content\/uploads\/voolik.jpg\" srcset=\"https:\/\/metallisation.ee\/wp-content\/uploads\/voolik.jpg 447w, https:\/\/metallisation.ee\/wp-content\/uploads\/voolik-300x219.jpg 300w\" sizes=\"(max-width: 447px) 100vw, 447px\" \/><\/p>\n<h4><span class=\"highlight green\">40 EIRO<\/span><\/h4>\n<\/div>\n<\/div>\n","protected":false},"excerpt":{"rendered":"","protected":false},"author":2,"featured_media":0,"parent":0,"menu_order":0,"comment_status":"closed","ping_status":"closed","template":"","meta":[],"yoast_head":"<!-- This site is optimized with the Yoast SEO plugin v18.0 - https:\/\/yoast.com\/wordpress\/plugins\/seo\/ -->\n<title>Aizsargapr\u012bkojums - Metalliseering O\u00dc<\/title>\n<meta name=\"robots\" content=\"index, follow, max-snippet:-1, max-image-preview:large, max-video-preview:-1\" \/>\n<link rel=\"canonical\" href=\"https:\/\/metallisation.ee\/lv\/aizsargaprikojums\/\" \/>\n<meta property=\"og:locale\" content=\"lv_LV\" \/>\n<meta property=\"og:type\" content=\"article\" \/>\n<meta property=\"og:title\" content=\"Aizsargapr\u012bkojums - Metalliseering O\u00dc\" \/>\n<meta property=\"og:url\" content=\"https:\/\/metallisation.ee\/lv\/aizsargaprikojums\/\" \/>\n<meta property=\"og:site_name\" content=\"Metalliseering O\u00dc\" \/>\n<meta property=\"og:image\" content=\"https:\/\/metallisation.ee\/wp-content\/uploads\/scorpion-shot-blast-helmet.jpg\" \/>\n<meta name=\"twitter:label1\" content=\"Est. reading time\" \/>\n\t<meta name=\"twitter:data1\" content=\"3 min\u016btes\" \/>\n<script type=\"application\/ld+json\" class=\"yoast-schema-graph\">{\"@context\":\"https:\/\/schema.org\",\"@graph\":[{\"@type\":\"WebSite\",\"@id\":\"https:\/\/metallisation.ee\/#website\",\"url\":\"https:\/\/metallisation.ee\/\",\"name\":\"Metalliseering O\u00dc\",\"description\":\"\",\"potentialAction\":[{\"@type\":\"SearchAction\",\"target\":{\"@type\":\"EntryPoint\",\"urlTemplate\":\"https:\/\/metallisation.ee\/?s={search_term_string}\"},\"query-input\":\"required name=search_term_string\"}],\"inLanguage\":\"lv-LV\"},{\"@type\":\"ImageObject\",\"@id\":\"https:\/\/metallisation.ee\/lv\/aizsargaprikojums\/#primaryimage\",\"inLanguage\":\"lv-LV\",\"url\":\"https:\/\/metallisation.ee\/wp-content\/uploads\/scorpion-shot-blast-helmet.jpg\",\"contentUrl\":\"https:\/\/metallisation.ee\/wp-content\/uploads\/scorpion-shot-blast-helmet.jpg\",\"width\":276,\"height\":430,\"caption\":\"Scorpion Shot Blast Helmet\"},{\"@type\":\"WebPage\",\"@id\":\"https:\/\/metallisation.ee\/lv\/aizsargaprikojums\/#webpage\",\"url\":\"https:\/\/metallisation.ee\/lv\/aizsargaprikojums\/\",\"name\":\"Aizsargapr\u012bkojums - Metalliseering O\u00dc\",\"isPartOf\":{\"@id\":\"https:\/\/metallisation.ee\/#website\"},\"primaryImageOfPage\":{\"@id\":\"https:\/\/metallisation.ee\/lv\/aizsargaprikojums\/#primaryimage\"},\"datePublished\":\"2014-09-28T13:53:38+00:00\",\"dateModified\":\"2014-09-28T13:53:38+00:00\",\"breadcrumb\":{\"@id\":\"https:\/\/metallisation.ee\/lv\/aizsargaprikojums\/#breadcrumb\"},\"inLanguage\":\"lv-LV\",\"potentialAction\":[{\"@type\":\"ReadAction\",\"target\":[\"https:\/\/metallisation.ee\/lv\/aizsargaprikojums\/\"]}]},{\"@type\":\"BreadcrumbList\",\"@id\":\"https:\/\/metallisation.ee\/lv\/aizsargaprikojums\/#breadcrumb\",\"itemListElement\":[{\"@type\":\"ListItem\",\"position\":1,\"name\":\"Home\",\"item\":\"https:\/\/metallisation.ee\/lv\/\"},{\"@type\":\"ListItem\",\"position\":2,\"name\":\"Aizsargapr\u012bkojums\"}]}]}<\/script>\n<!-- \/ Yoast SEO plugin. -->","yoast_head_json":{"title":"Aizsargapr\u012bkojums - Metalliseering O\u00dc","robots":{"index":"index","follow":"follow","max-snippet":"max-snippet:-1","max-image-preview":"max-image-preview:large","max-video-preview":"max-video-preview:-1"},"canonical":"https:\/\/metallisation.ee\/lv\/aizsargaprikojums\/","og_locale":"lv_LV","og_type":"article","og_title":"Aizsargapr\u012bkojums - Metalliseering O\u00dc","og_url":"https:\/\/metallisation.ee\/lv\/aizsargaprikojums\/","og_site_name":"Metalliseering O\u00dc","og_image":[{"url":"https:\/\/metallisation.ee\/wp-content\/uploads\/scorpion-shot-blast-helmet.jpg"}],"twitter_misc":{"Est. reading time":"3 min\u016btes"},"schema":{"@context":"https:\/\/schema.org","@graph":[{"@type":"WebSite","@id":"https:\/\/metallisation.ee\/#website","url":"https:\/\/metallisation.ee\/","name":"Metalliseering O\u00dc","description":"","potentialAction":[{"@type":"SearchAction","target":{"@type":"EntryPoint","urlTemplate":"https:\/\/metallisation.ee\/?s={search_term_string}"},"query-input":"required name=search_term_string"}],"inLanguage":"lv-LV"},{"@type":"ImageObject","@id":"https:\/\/metallisation.ee\/lv\/aizsargaprikojums\/#primaryimage","inLanguage":"lv-LV","url":"https:\/\/metallisation.ee\/wp-content\/uploads\/scorpion-shot-blast-helmet.jpg","contentUrl":"https:\/\/metallisation.ee\/wp-content\/uploads\/scorpion-shot-blast-helmet.jpg","width":276,"height":430,"caption":"Scorpion Shot Blast Helmet"},{"@type":"WebPage","@id":"https:\/\/metallisation.ee\/lv\/aizsargaprikojums\/#webpage","url":"https:\/\/metallisation.ee\/lv\/aizsargaprikojums\/","name":"Aizsargapr\u012bkojums - Metalliseering O\u00dc","isPartOf":{"@id":"https:\/\/metallisation.ee\/#website"},"primaryImageOfPage":{"@id":"https:\/\/metallisation.ee\/lv\/aizsargaprikojums\/#primaryimage"},"datePublished":"2014-09-28T13:53:38+00:00","dateModified":"2014-09-28T13:53:38+00:00","breadcrumb":{"@id":"https:\/\/metallisation.ee\/lv\/aizsargaprikojums\/#breadcrumb"},"inLanguage":"lv-LV","potentialAction":[{"@type":"ReadAction","target":["https:\/\/metallisation.ee\/lv\/aizsargaprikojums\/"]}]},{"@type":"BreadcrumbList","@id":"https:\/\/metallisation.ee\/lv\/aizsargaprikojums\/#breadcrumb","itemListElement":[{"@type":"ListItem","position":1,"name":"Home","item":"https:\/\/metallisation.ee\/lv\/"},{"@type":"ListItem","position":2,"name":"Aizsargapr\u012bkojums"}]}]}},"_links":{"self":[{"href":"https:\/\/metallisation.ee\/lv\/wp-json\/wp\/v2\/pages\/2361"}],"collection":[{"href":"https:\/\/metallisation.ee\/lv\/wp-json\/wp\/v2\/pages"}],"about":[{"href":"https:\/\/metallisation.ee\/lv\/wp-json\/wp\/v2\/types\/page"}],"author":[{"embeddable":true,"href":"https:\/\/metallisation.ee\/lv\/wp-json\/wp\/v2\/users\/2"}],"replies":[{"embeddable":true,"href":"https:\/\/metallisation.ee\/lv\/wp-json\/wp\/v2\/comments?post=2361"}],"version-history":[{"count":1,"href":"https:\/\/metallisation.ee\/lv\/wp-json\/wp\/v2\/pages\/2361\/revisions"}],"predecessor-version":[{"id":2362,"href":"https:\/\/metallisation.ee\/lv\/wp-json\/wp\/v2\/pages\/2361\/revisions\/2362"}],"wp:attachment":[{"href":"https:\/\/metallisation.ee\/lv\/wp-json\/wp\/v2\/media?parent=2361"}],"curies":[{"name":"wp","href":"https:\/\/api.w.org\/{rel}","templated":true}]}}