{"id":2356,"date":"2014-09-28T16:50:52","date_gmt":"2014-09-28T13:50:52","guid":{"rendered":"https:\/\/metallisation.ee\/?page_id=2356"},"modified":"2014-09-28T16:51:18","modified_gmt":"2014-09-28T13:51:18","slug":"iekartas","status":"publish","type":"page","link":"https:\/\/metallisation.ee\/lv\/iekartas\/","title":{"rendered":"Iek\u0101rtas"},"content":{"rendered":"<div class=\"twelve column \">\n<h3><strong><span class=\"highlight \">Termisk\u0101s izsmidzin\u0101\u0161anas un tehnolo\u0123ijas pielietojuma ievads<\/span><\/strong><\/h3>\n<h4><strong>Kas ir termisk\u0101 izsmidzin\u0101\u0161ana?<\/strong><\/h4>\n<p>Termisk\u0101 izsmidzin\u0101\u0161ana ir tehnolo\u0123ija, kas uzlabo vai atjauno ciet\u0101 materi\u0101la virsmu. \u0160o procesu var izmantot, lai uzkl\u0101tu p\u0101rkl\u0101jumus uz da\u017e\u0101diem materi\u0101liem un sast\u0101vda\u013c\u0101m, lai nodro\u0161in\u0101tu iztur\u012bbu pret: <strong>nodilumu, eroziju, kavit\u0101ciju, koroziju, nobr\u0101zumiem vai karstumu<\/strong>. Termisk\u0101 izsmidzin\u0101\u0161ana tiek izmantota ar\u012b, lai nodro\u0161in\u0101tu <strong>elektrovad\u012btsp\u0113ju vai izol\u0101ciju, e\u013c\u013co\u0161anu, augstu vai zemu berzi, nodilumiztur\u012bbu, \u0137\u012bmisko iztur\u012bbu<\/strong> un daudzas citas v\u0113lam\u0101s virsmas \u012bpa\u0161\u012bbas.<\/p>\n<p>Termisk\u0101 izsmidzin\u0101\u0161ana tiek pla\u0161i pielietota daudz\u0101s r\u016bpniec\u012bbas nozar\u0113s k\u0101 v\u0113lam\u0101 metode. Tai ir daudz iesp\u0113ju, lai <strong>pagarin\u0101tu jauno komponentu ilgm\u016b\u017e\u012bbu vai<\/strong>, izmantojot izm\u0113\u0123in\u0101t\u0101s un p\u0101rbaud\u012bt\u0101s metodes, <strong>labot un atjaunot nodilu\u0161us vai boj\u0101tus komponentus<\/strong>.<\/p>\n<h4><strong>Pamati<\/strong><\/h4>\n<p>Izmantojot visas izsmidzin\u0101\u0161anas metodes, t\u012bras un sagatavotas virsmas tiek p\u0101rkl\u0101tas ar maz\u0101m m\u012bkstin\u0101t\u0101m da\u013ci\u0146\u0101m, kuras veido nep\u0101rtrauktu sl\u0101ni. Apvienojot siltuma un kin\u0113tisko ener\u0123iju, da\u013ci\u0146as saspie\u017eas un piel\u012bp uz virsmas, viena uz otras un izveido vienm\u0113r\u012bgu p\u0101rkl\u0101jumu ar sec\u012bgiem sl\u0101\u0146iem.<\/p>\n<p><img loading=\"lazy\" width=\"900\" height=\"220\" class=\"aligncenter size-full wp-image-2281\" alt=\"Seadmed\" src=\"https:\/\/metallisation.ee\/wp-content\/uploads\/seadmed1lv.jpg\" srcset=\"https:\/\/metallisation.ee\/wp-content\/uploads\/seadmed1lv.jpg 900w, https:\/\/metallisation.ee\/wp-content\/uploads\/seadmed1lv-300x73.jpg 300w\" sizes=\"(max-width: 900px) 100vw, 900px\" \/><\/p>\n<ul class=\"check \">\n<li>Metalur\u0123iski auksts process.<\/li>\n<li>Praktiski nav siltuma padeves virsmai (<\/li>\n<li>Galvenok\u0101rt meh\u0101nisks savieno\u0161anas process.<\/li>\n<li>Izsmidzin\u0101\u0161anai var izmantot daudzus materi\u0101lus: t\u0113raudu, ner\u016bs\u0113jo\u0161o t\u0113raudu, ni\u0137e\u013ca sakaus\u0113jumu, varu, bronzu, molibd\u0113nu, keramiku, volframa karb\u012bdus, uc.<\/li>\n<li>Var uzkl\u0101t da\u017e\u0101dos biezumos, parasti 100-750 mikronu, bet var b\u016bt vair\u0101k.<\/li>\n<li>Tie\u0161\u0101s redzam\u012bbas process.<\/li>\n<\/ul>\n<h4><strong>Termisk\u0101s izsmidzin\u0101\u0161anas procesi<\/strong><\/h4>\n<p>Metallisation Ltd ir vien\u012bgais ra\u017eot\u0101js Apvienotaj\u0101 Karalist\u0113 un met\u0101la izsmidzin\u0101\u0161anas iek\u0101rtu, pal\u012bgmateri\u0101lu, stiep\u013cu un pulveru pieg\u0101d\u0101t\u0101js vis\u0101 pasaul\u0113. Uz\u0146\u0113mums lepojas par to, ka tas tiek uzskat\u012bts par vado\u0161o speci\u0101listu pieg\u0101d\u0101jot un atbalstot modernu, inovat\u012bvu virsmas p\u0101rkl\u0101juma tehnolo\u0123iju vis\u0101 pasaul\u0113.<\/p>\n<p><img loading=\"lazy\" width=\"900\" height=\"879\" class=\"aligncenter size-full wp-image-2287\" alt=\"Seadmed\" src=\"https:\/\/metallisation.ee\/wp-content\/uploads\/seadmed2lv.jpg\" srcset=\"https:\/\/metallisation.ee\/wp-content\/uploads\/seadmed2lv.jpg 900w, https:\/\/metallisation.ee\/wp-content\/uploads\/seadmed2lv-300x293.jpg 300w\" sizes=\"(max-width: 900px) 100vw, 900px\" \/><\/p>\n<p>Visus piecus termisk\u0101s izsmidzin\u0101\u0161anas procesus var izmantot, piem\u0113rojot &#8220;in\u017eenierijas p\u0101rkl\u0101jumus&#8221;, lai main\u012btu objekta virsmas \u012bpa\u0161\u012bbas. In\u017eenierijas p\u0101rkl\u0101jumi var nodro\u0161in\u0101t t\u0101das \u012bpa\u0161\u012bbas, k\u0101 pastiprin\u0101ta nodilumiztur\u012bba, termiskais barjers, elektrisk\u0101 \/ siltuma vad\u012btsp\u0113ja, ciet\u0101 hroma aizvieto\u0161ana un izol\u0101cija, tiek izmantoti da\u017e\u0101diem lietojumiem.<\/p>\n<p>Metaliz\u0101cijas izsmidzin\u0101\u0161anas un loka izsmidzin\u0101\u0161anas iek\u0101rta tiek izmantota ar\u012b, lai piem\u0113rotu &#8220;pretkorozijas aizsardz\u012bbas&#8221; p\u0101rkl\u0101jumus no cinka, alum\u012bnija un cinka \/ alum\u012bnija sakaus\u0113jumiem uz t\u0113rauda konstrukcij\u0101m, piem\u0113ram, tiltiem, palikt\u0146iem, ku\u0123iem, platform\u0101m atkl\u0101t\u0101 j\u016br\u0101, v\u0101rtiem \/ \u017eogiem un transportl\u012bdzek\u013ciem. Parasti tiek izmantota k\u0101 alternat\u012bva cinko\u0161anai.<\/p>\n<h4><strong><img loading=\"lazy\" width=\"447\" height=\"284\" class=\"alignright size-full wp-image-2247\" alt=\"Seadmed\" src=\"https:\/\/metallisation.ee\/wp-content\/uploads\/seadmed3.jpg\" srcset=\"https:\/\/metallisation.ee\/wp-content\/uploads\/seadmed3.jpg 447w, https:\/\/metallisation.ee\/wp-content\/uploads\/seadmed3-300x190.jpg 300w\" sizes=\"(max-width: 447px) 100vw, 447px\" \/>Tipisks pielietojums un materi\u0101li<\/strong><\/h4>\n<p>Liels kl\u0101sts komponentu g\u016bst labumu no termisk\u0101s izsmidzin\u0101\u0161anas gan s\u0101kotn\u0113j\u0101 ra\u017eo\u0161anas proces\u0101, gan p\u0101rstr\u0101d\u0101jot vai atjaunojot in\u017eenierijas tehniku. Da\u017ei materi\u0101li tiek piem\u0113roti maziem specifiskiem izmantojumiem, citus materi\u0101lus izsmidzina lielos apm\u0113ros. Katram izmantojumam nepiecie\u0161ama procesa un materi\u0101la kombin\u0101cija, lai ieg\u016btu v\u0113lamo labumu.<\/p>\n<h4><strong>Da\u017ei kop\u012bgi pielietojumi ir:<\/strong><\/h4>\n<p>Liel\u0101 kl\u0101sta rot\u0113jo\u0161o un kust\u012bgo visu veidu ma\u0161\u012bnu da\u013cu p\u0101rstr\u0101d\u0101\u0161ana un atjauno\u0161ana, tai skait\u0101: <strong>Ce\u013cu un dzelzce\u013ca transportl\u012bdzek\u013cu, ku\u0123u, lidapar\u0101tu, s\u016bk\u0146u, v\u0101rstu, iespiedma\u0161\u012bnu, elektromotoru, pap\u012bra ra\u017eo\u0161anas ma\u0161\u012bnu, \u0137\u012bmisk\u0101s r\u016bpn\u012bc\u012bbas, p\u0101rtikas ma\u0161\u012bnu, raktuvju un karjeru izstr\u0101des ma\u0161\u012bnu, zemes rac\u0113ju, darbgaldu, ener\u0123ijas ra\u017eo\u0161anas un kosmosa turb\u012bnu remonts, \u0161asijas (hroma aizst\u0101\u0161ana)<\/strong>, un praktiski jebkura apr\u012bkojuma, kas ir pak\u013cauts nodilumam, erozijai vai korozijai. Tas tiek dar\u012bts, izmantojot loka izsmidzin\u0101\u0161anu, liesmas izsmidzin\u0101\u0161anu vai HVOF sist\u0113mu, t\u0113rauda, ni\u0137e\u013ca sakaus\u0113jumu, karb\u012bdu, ner\u016bs\u0113jo\u0161o sakaus\u0113jumu, bronzas, vara un daudzu citu materi\u0101lu izsmidzin\u0101\u0161anu.<\/p>\n<p><img loading=\"lazy\" width=\"447\" height=\"284\" class=\"alignleft size-full wp-image-2251\" alt=\"Seadmed\" src=\"https:\/\/metallisation.ee\/wp-content\/uploads\/seadmed4.jpg\" srcset=\"https:\/\/metallisation.ee\/wp-content\/uploads\/seadmed4.jpg 447w, https:\/\/metallisation.ee\/wp-content\/uploads\/seadmed4-300x190.jpg 300w\" sizes=\"(max-width: 447px) 100vw, 447px\" \/>Jaun\u0101s deta\u013cas, kuras g\u016bst labumu no uzlabot\u0101m virsmas \u012bpa\u0161\u012bb\u0101m, ko nodro\u0161ina termisk\u0101 smidzin\u0101\u0161ana, ir: <strong>v\u0101rtu un lod\u012b\u0161u v\u0101rsti, klin\u0161u urbju uzga\u013ci, dzi\u013curbumu instrumenti naftas un g\u0101zes, k\u0101 ar\u012b petro\u0137\u012bmijas ra\u017eo\u0161anas nozar\u0113, hidrauliskie virzu\u013cu k\u0101ti, drukas rull\u012b\u0161i, \u0161\u0137idruma plombas, kosmisk\u0101s avi\u0101cijas iek\u0161dedzes kameras, turb\u012bnu l\u0101psti\u0146as<\/strong>. Termisk\u0101s izsmidzin\u0101\u0161anas p\u0101rkl\u0101jumi tiek izmantoti pla\u0161a kl\u0101sta elementiem, kas ir pak\u013cauti erozijas, nodiluma, korozijas vai karstuma iedarb\u012bbai,samazinot elementu ilgtsp\u0113ju. <img loading=\"lazy\" width=\"300\" height=\"164\" class=\"alignright size-full wp-image-2256\" alt=\"Seadmed\" src=\"https:\/\/metallisation.ee\/wp-content\/uploads\/seadmed5.jpg\" \/><strong>Komponentu ilgtsp\u0113ja tiek pagarin\u0101ta, izmantojot loka, liesmas, plazmas, vai HVOF sist\u0113mas ar met\u0101la, keramikas un karb\u012bdu izsmidzin\u0101\u0161anu.<\/strong>\n<\/div>\n<div class=\"spacer\" style=\"height:1px; clear:both; display:block; margin:0 18px 20px 18px; padding:0; background:#ccc\">&nbsp;<\/div>\n<div class=\"twelve column \">\n<h3><span class=\"highlight \">Arcspray 140\/S350-CL<\/span><\/h3>\n<p>Jauns, divu stiep\u013cu lokveida uzsmidzin\u0101\u0161anas metodes metaliz\u0101cijas process ir unik\u0101ls sav\u0101s sp\u0113j\u0101s un inovat\u012bvs izcil\u012bbas sasniegums. Ier\u012bce ir \u013coti uzticama un lietot\u0101jiem vienk\u0101r\u0161s instruments, kura t\u012br\u012b\u0161ana un uztur\u0113\u0161ana notiek tikai ar da\u017eiem pa\u0146\u0113mieniem. Ier\u012bce ir apr\u012bkota ar funkcij\u0101m, kas nodro\u0161ina aizsardz\u012bbu pret p\u0101rspriegumu un sakar\u0161anu. Iek\u0101rtas k\u013c\u016bmu gad\u012bjum\u0101, defektu noteik\u0161anas sist\u0113ma ir veidota vienk\u0101r\u0161a, izmantojot standarta multimetru var noteikt k\u013c\u016bmes c\u0113loni da\u017eu min\u016b\u0161u laik\u0101. Stieples tiek vad\u012btas ar dzin\u0113ja un transmisijas autom\u0101tisku sinhroniz\u0113tu vad\u012bbas sist\u0113mu caur sl\u0113gtu motoru un elast\u012bgu piedzi\u0146as konstrukciju ar garumu l\u012bdz 20m. T\u0101 rezult\u0101ts ir liels darba zonas apjoms un viegli apst\u0101k\u013ci darba operativit\u0101tei.<\/p>\n<p><a title=\"Arcspray\" href=\"https:\/\/metallisation.ee\/wp-content\/uploads\/arcspray.pdf\" target=\"_blank\">Tehnisk\u0101 inform\u0101cija<\/a> (ang\u013cu valod\u0101)\n<\/div>\n<div class=\"four column \">\n<img class=\"aligncenter \" src=\"https:\/\/metallisation.ee\/wp-content\/uploads\/tooted1.jpg\" alt=\"\" \/>\n<\/div>\n<div class=\"four column \">\n<img class=\"aligncenter \" src=\"https:\/\/metallisation.ee\/wp-content\/uploads\/tooted2.jpg\" alt=\"\" \/>\n<\/div>\n<div class=\"four column \">\n<img class=\"aligncenter \" src=\"https:\/\/metallisation.ee\/wp-content\/uploads\/tooted3.jpg\" alt=\"\" \/>\n<\/div>\n<p><a class=\"button blue large \" href=\"http:\/\/www.metallisation.com\/products\" target=_blank> <strong>VAIR\u0100K PRODUKTU<\/strong> <\/a><\/p>\n","protected":false},"excerpt":{"rendered":"","protected":false},"author":2,"featured_media":0,"parent":0,"menu_order":0,"comment_status":"closed","ping_status":"closed","template":"","meta":[],"yoast_head":"<!-- This site is optimized with the Yoast SEO plugin v18.0 - https:\/\/yoast.com\/wordpress\/plugins\/seo\/ -->\n<title>Iek\u0101rtas - Metalliseering O\u00dc<\/title>\n<meta name=\"robots\" content=\"index, follow, max-snippet:-1, max-image-preview:large, max-video-preview:-1\" \/>\n<link rel=\"canonical\" href=\"https:\/\/metallisation.ee\/lv\/iekartas\/\" \/>\n<meta property=\"og:locale\" content=\"lv_LV\" \/>\n<meta property=\"og:type\" content=\"article\" \/>\n<meta property=\"og:title\" content=\"Iek\u0101rtas - Metalliseering O\u00dc\" \/>\n<meta property=\"og:url\" content=\"https:\/\/metallisation.ee\/lv\/iekartas\/\" \/>\n<meta property=\"og:site_name\" content=\"Metalliseering O\u00dc\" \/>\n<meta property=\"article:modified_time\" content=\"2014-09-28T13:51:18+00:00\" \/>\n<meta property=\"og:image\" content=\"https:\/\/metallisation.ee\/wp-content\/uploads\/seadmed1lv.jpg\" \/>\n<meta name=\"twitter:label1\" content=\"Est. reading time\" \/>\n\t<meta name=\"twitter:data1\" content=\"5 min\u016btes\" \/>\n<script type=\"application\/ld+json\" class=\"yoast-schema-graph\">{\"@context\":\"https:\/\/schema.org\",\"@graph\":[{\"@type\":\"WebSite\",\"@id\":\"https:\/\/metallisation.ee\/#website\",\"url\":\"https:\/\/metallisation.ee\/\",\"name\":\"Metalliseering O\u00dc\",\"description\":\"\",\"potentialAction\":[{\"@type\":\"SearchAction\",\"target\":{\"@type\":\"EntryPoint\",\"urlTemplate\":\"https:\/\/metallisation.ee\/?s={search_term_string}\"},\"query-input\":\"required name=search_term_string\"}],\"inLanguage\":\"lv-LV\"},{\"@type\":\"ImageObject\",\"@id\":\"https:\/\/metallisation.ee\/lv\/iekartas\/#primaryimage\",\"inLanguage\":\"lv-LV\",\"url\":\"https:\/\/metallisation.ee\/wp-content\/uploads\/seadmed1lv.jpg\",\"contentUrl\":\"https:\/\/metallisation.ee\/wp-content\/uploads\/seadmed1lv.jpg\",\"width\":900,\"height\":220},{\"@type\":\"WebPage\",\"@id\":\"https:\/\/metallisation.ee\/lv\/iekartas\/#webpage\",\"url\":\"https:\/\/metallisation.ee\/lv\/iekartas\/\",\"name\":\"Iek\u0101rtas - Metalliseering O\u00dc\",\"isPartOf\":{\"@id\":\"https:\/\/metallisation.ee\/#website\"},\"primaryImageOfPage\":{\"@id\":\"https:\/\/metallisation.ee\/lv\/iekartas\/#primaryimage\"},\"datePublished\":\"2014-09-28T13:50:52+00:00\",\"dateModified\":\"2014-09-28T13:51:18+00:00\",\"breadcrumb\":{\"@id\":\"https:\/\/metallisation.ee\/lv\/iekartas\/#breadcrumb\"},\"inLanguage\":\"lv-LV\",\"potentialAction\":[{\"@type\":\"ReadAction\",\"target\":[\"https:\/\/metallisation.ee\/lv\/iekartas\/\"]}]},{\"@type\":\"BreadcrumbList\",\"@id\":\"https:\/\/metallisation.ee\/lv\/iekartas\/#breadcrumb\",\"itemListElement\":[{\"@type\":\"ListItem\",\"position\":1,\"name\":\"Home\",\"item\":\"https:\/\/metallisation.ee\/lv\/\"},{\"@type\":\"ListItem\",\"position\":2,\"name\":\"Iek\u0101rtas\"}]}]}<\/script>\n<!-- \/ Yoast SEO plugin. -->","yoast_head_json":{"title":"Iek\u0101rtas - Metalliseering O\u00dc","robots":{"index":"index","follow":"follow","max-snippet":"max-snippet:-1","max-image-preview":"max-image-preview:large","max-video-preview":"max-video-preview:-1"},"canonical":"https:\/\/metallisation.ee\/lv\/iekartas\/","og_locale":"lv_LV","og_type":"article","og_title":"Iek\u0101rtas - Metalliseering O\u00dc","og_url":"https:\/\/metallisation.ee\/lv\/iekartas\/","og_site_name":"Metalliseering O\u00dc","article_modified_time":"2014-09-28T13:51:18+00:00","og_image":[{"url":"https:\/\/metallisation.ee\/wp-content\/uploads\/seadmed1lv.jpg"}],"twitter_misc":{"Est. reading time":"5 min\u016btes"},"schema":{"@context":"https:\/\/schema.org","@graph":[{"@type":"WebSite","@id":"https:\/\/metallisation.ee\/#website","url":"https:\/\/metallisation.ee\/","name":"Metalliseering O\u00dc","description":"","potentialAction":[{"@type":"SearchAction","target":{"@type":"EntryPoint","urlTemplate":"https:\/\/metallisation.ee\/?s={search_term_string}"},"query-input":"required name=search_term_string"}],"inLanguage":"lv-LV"},{"@type":"ImageObject","@id":"https:\/\/metallisation.ee\/lv\/iekartas\/#primaryimage","inLanguage":"lv-LV","url":"https:\/\/metallisation.ee\/wp-content\/uploads\/seadmed1lv.jpg","contentUrl":"https:\/\/metallisation.ee\/wp-content\/uploads\/seadmed1lv.jpg","width":900,"height":220},{"@type":"WebPage","@id":"https:\/\/metallisation.ee\/lv\/iekartas\/#webpage","url":"https:\/\/metallisation.ee\/lv\/iekartas\/","name":"Iek\u0101rtas - Metalliseering O\u00dc","isPartOf":{"@id":"https:\/\/metallisation.ee\/#website"},"primaryImageOfPage":{"@id":"https:\/\/metallisation.ee\/lv\/iekartas\/#primaryimage"},"datePublished":"2014-09-28T13:50:52+00:00","dateModified":"2014-09-28T13:51:18+00:00","breadcrumb":{"@id":"https:\/\/metallisation.ee\/lv\/iekartas\/#breadcrumb"},"inLanguage":"lv-LV","potentialAction":[{"@type":"ReadAction","target":["https:\/\/metallisation.ee\/lv\/iekartas\/"]}]},{"@type":"BreadcrumbList","@id":"https:\/\/metallisation.ee\/lv\/iekartas\/#breadcrumb","itemListElement":[{"@type":"ListItem","position":1,"name":"Home","item":"https:\/\/metallisation.ee\/lv\/"},{"@type":"ListItem","position":2,"name":"Iek\u0101rtas"}]}]}},"_links":{"self":[{"href":"https:\/\/metallisation.ee\/lv\/wp-json\/wp\/v2\/pages\/2356"}],"collection":[{"href":"https:\/\/metallisation.ee\/lv\/wp-json\/wp\/v2\/pages"}],"about":[{"href":"https:\/\/metallisation.ee\/lv\/wp-json\/wp\/v2\/types\/page"}],"author":[{"embeddable":true,"href":"https:\/\/metallisation.ee\/lv\/wp-json\/wp\/v2\/users\/2"}],"replies":[{"embeddable":true,"href":"https:\/\/metallisation.ee\/lv\/wp-json\/wp\/v2\/comments?post=2356"}],"version-history":[{"count":1,"href":"https:\/\/metallisation.ee\/lv\/wp-json\/wp\/v2\/pages\/2356\/revisions"}],"predecessor-version":[{"id":2357,"href":"https:\/\/metallisation.ee\/lv\/wp-json\/wp\/v2\/pages\/2356\/revisions\/2357"}],"wp:attachment":[{"href":"https:\/\/metallisation.ee\/lv\/wp-json\/wp\/v2\/media?parent=2356"}],"curies":[{"name":"wp","href":"https:\/\/api.w.org\/{rel}","templated":true}]}}