{"id":2351,"date":"2014-09-28T16:48:28","date_gmt":"2014-09-28T13:48:28","guid":{"rendered":"https:\/\/metallisation.ee\/?page_id=2351"},"modified":"2014-09-28T16:48:28","modified_gmt":"2014-09-28T13:48:28","slug":"pakalpojumi","status":"publish","type":"page","link":"https:\/\/metallisation.ee\/lv\/pakalpojumi\/","title":{"rendered":"Pakalpojumi"},"content":{"rendered":"<div class=\"four column \">\nVeicam metaliz\u0101ciju ar divu stiep\u013cu lokveida uzsmidzin\u0101\u0161anas metodi. Lokveida uzsmidzin\u0101\u0161anas proces\u0101 vads ar diviem elektriskiem l\u0101di\u0146iem tiek vad\u012bts un v\u0113rsts, t\u0101, ka tie vien\u0101 punkt\u0101 savienojas, un veido loku. Gaisa uzgalis atomiz\u0113 izrais\u012bto izkaus\u0113to met\u0101lu un virza to apstr\u0101d\u0101jam\u0101 priek\u0161meta virzien\u0101. Stieples vada ar elektromotora sist\u0113mu.\n<\/div>\n<div class=\"eight column \">\n<img class=\"alignleft \" src=\"https:\/\/metallisation.ee\/wp-content\/uploads\/foto1.png\" alt=\"\" \/>\n<\/div>\n<div class=\"twelve column \">\n<div class=\"note-folded blue \">\nK\u0101 t\u0113rauda konstrukciju aizsargsist\u0113ma t\u0101 ir neaizvietojama, jo t\u0101 ir vien\u012bg\u0101 sist\u0113ma, kuru iesaka starptautiskie un Eiropas standarti EN ISO 14713, jo \u0161aj\u0101 gad\u012bjuma l\u012bdz pirmajai tehniskai apkopei, \u013coti agres\u012bv\u0101s vid\u0113s, piem\u0113ram, j\u016bras vi\u013c\u0146u pak\u013cauta zona (kategorija C5), ir laika vair\u0101k nek\u0101 20 gad,i k\u0101 ar\u012b vis\u0101s cit\u0101s kategorij\u0101s.<\/div>\n<\/div>\n<div class=\"twelve column \">\nUzmidzin\u0101\u0161anai izmanto augstas kvalit\u0101tes cinka, alum\u012bnija vai cinka \/ alum\u012bnija materi\u0101lu, kura pieg\u0101d\u0101t\u0101js ir sertific\u0113ts Somijas ra\u017eot\u0101js Vertic Zinc Wire Oy. Visiem darbiem dodam sertifik\u0101tu, kas ietver sev\u012b p\u0101rskatu par sl\u0101\u0146a biezumu m\u0113r\u012b\u0161anu.\n<\/div>\n<div class=\"twelve column \">\n<div class=\"table-blue\">\n<table class=\"table\">\n<thead>\n<tr>\n<th>ISO 14713 Korozijas kategorija<\/th>\n<th>Tipiska \u0101r\u0113ja vide<\/th>\n<th>Cinka vid\u0113ja korozijas pak\u0101pe \u00b5m\/gads<\/th>\n<th>ISO 14713 Korozivit\u0101te apraksts<\/th>\n<\/tr>\n<\/thead>\n<tbody>\n<tr>\n<td>C1<\/td>\n<td>Da\u017ei kalnu apgabali, sausa iek\u0161zeme<\/td>\n<td>&lt; 0.1<\/td>\n<td>Loti zema<\/td>\n<\/tr>\n<tr class=\"odd\">\n<td>C2<\/td>\n<td>Sauss\/lauki\/pils\u0113ta, sauszeme &#8211; nejau\u0161a kondens\u0101cija<\/td>\n<td>0.1 &#8211; 0.7<\/td>\n<td>Zems<\/td>\n<\/tr>\n<tr>\n<td>C3<\/td>\n<td>Piekrastes vietas, iek\u0161zeme ar augstu mitrumu<\/td>\n<td>0.7 &#8211; 2<\/td>\n<td>Medi\u0101na<\/td>\n<\/tr>\n<tr class=\"odd\">\n<td>C4<\/td>\n<td>Piej\u016bra (bezv\u0113ja), peldbaseini<\/td>\n<td>2 &#8211; 4<\/td>\n<td>Augsts<\/td>\n<\/tr>\n<tr>\n<td>C5<\/td>\n<td>Piej\u016bra (bangojums) \/ zemes v\u0113j\u0161<\/td>\n<td>4 &#8211; 8<\/td>\n<td>Loti augsts<\/td>\n<\/tr>\n<\/tbody>\n<\/table>\n<\/div>\n<\/div>\n<div class=\"six column \">\n<img class=\"alignleft \" src=\"https:\/\/metallisation.ee\/wp-content\/uploads\/teenused1.jpg\" alt=\"\" \/>\n<\/div>\n<div class=\"six column \">\n<img class=\"alignleft \" src=\"https:\/\/metallisation.ee\/wp-content\/uploads\/teenused2.jpg\" alt=\"\" \/><br \/>\nDubaij\u0101 Burj Al Arab hote\u013ca metaliz\u0113\u0161ana ar cinka \/ alum\u012bnija materi\u0101lu, izmantojot Metallisation Ltd ARC 140\/350S divu stiep\u013cu lokveida uzmidzin\u0101\u0161anas metodi. Viesn\u012bcas apak\u0161\u0113jie numuri atrodas augsta s\u0101\u013cuma oke\u0101na \u016bden\u012b.\n<\/div>\n","protected":false},"excerpt":{"rendered":"","protected":false},"author":2,"featured_media":0,"parent":0,"menu_order":0,"comment_status":"closed","ping_status":"closed","template":"page-templates\/template-no-bottom-gape.php","meta":[],"yoast_head":"<!-- This site is optimized with the Yoast SEO plugin v18.0 - https:\/\/yoast.com\/wordpress\/plugins\/seo\/ -->\n<title>Pakalpojumi - Metalliseering O\u00dc<\/title>\n<meta name=\"robots\" content=\"index, follow, max-snippet:-1, max-image-preview:large, max-video-preview:-1\" \/>\n<link rel=\"canonical\" href=\"https:\/\/metallisation.ee\/lv\/pakalpojumi\/\" \/>\n<meta property=\"og:locale\" content=\"lv_LV\" \/>\n<meta property=\"og:type\" content=\"article\" \/>\n<meta property=\"og:title\" content=\"Pakalpojumi - Metalliseering O\u00dc\" \/>\n<meta property=\"og:url\" content=\"https:\/\/metallisation.ee\/lv\/pakalpojumi\/\" \/>\n<meta property=\"og:site_name\" content=\"Metalliseering O\u00dc\" \/>\n<meta name=\"twitter:label1\" content=\"Est. reading time\" \/>\n\t<meta name=\"twitter:data1\" content=\"2 min\u016btes\" \/>\n<script type=\"application\/ld+json\" class=\"yoast-schema-graph\">{\"@context\":\"https:\/\/schema.org\",\"@graph\":[{\"@type\":\"WebSite\",\"@id\":\"https:\/\/metallisation.ee\/#website\",\"url\":\"https:\/\/metallisation.ee\/\",\"name\":\"Metalliseering O\u00dc\",\"description\":\"\",\"potentialAction\":[{\"@type\":\"SearchAction\",\"target\":{\"@type\":\"EntryPoint\",\"urlTemplate\":\"https:\/\/metallisation.ee\/?s={search_term_string}\"},\"query-input\":\"required name=search_term_string\"}],\"inLanguage\":\"lv-LV\"},{\"@type\":\"WebPage\",\"@id\":\"https:\/\/metallisation.ee\/lv\/pakalpojumi\/#webpage\",\"url\":\"https:\/\/metallisation.ee\/lv\/pakalpojumi\/\",\"name\":\"Pakalpojumi - Metalliseering O\u00dc\",\"isPartOf\":{\"@id\":\"https:\/\/metallisation.ee\/#website\"},\"datePublished\":\"2014-09-28T13:48:28+00:00\",\"dateModified\":\"2014-09-28T13:48:28+00:00\",\"breadcrumb\":{\"@id\":\"https:\/\/metallisation.ee\/lv\/pakalpojumi\/#breadcrumb\"},\"inLanguage\":\"lv-LV\",\"potentialAction\":[{\"@type\":\"ReadAction\",\"target\":[\"https:\/\/metallisation.ee\/lv\/pakalpojumi\/\"]}]},{\"@type\":\"BreadcrumbList\",\"@id\":\"https:\/\/metallisation.ee\/lv\/pakalpojumi\/#breadcrumb\",\"itemListElement\":[{\"@type\":\"ListItem\",\"position\":1,\"name\":\"Home\",\"item\":\"https:\/\/metallisation.ee\/lv\/\"},{\"@type\":\"ListItem\",\"position\":2,\"name\":\"Pakalpojumi\"}]}]}<\/script>\n<!-- \/ Yoast SEO plugin. -->","yoast_head_json":{"title":"Pakalpojumi - Metalliseering O\u00dc","robots":{"index":"index","follow":"follow","max-snippet":"max-snippet:-1","max-image-preview":"max-image-preview:large","max-video-preview":"max-video-preview:-1"},"canonical":"https:\/\/metallisation.ee\/lv\/pakalpojumi\/","og_locale":"lv_LV","og_type":"article","og_title":"Pakalpojumi - Metalliseering O\u00dc","og_url":"https:\/\/metallisation.ee\/lv\/pakalpojumi\/","og_site_name":"Metalliseering O\u00dc","twitter_misc":{"Est. reading time":"2 min\u016btes"},"schema":{"@context":"https:\/\/schema.org","@graph":[{"@type":"WebSite","@id":"https:\/\/metallisation.ee\/#website","url":"https:\/\/metallisation.ee\/","name":"Metalliseering O\u00dc","description":"","potentialAction":[{"@type":"SearchAction","target":{"@type":"EntryPoint","urlTemplate":"https:\/\/metallisation.ee\/?s={search_term_string}"},"query-input":"required name=search_term_string"}],"inLanguage":"lv-LV"},{"@type":"WebPage","@id":"https:\/\/metallisation.ee\/lv\/pakalpojumi\/#webpage","url":"https:\/\/metallisation.ee\/lv\/pakalpojumi\/","name":"Pakalpojumi - Metalliseering O\u00dc","isPartOf":{"@id":"https:\/\/metallisation.ee\/#website"},"datePublished":"2014-09-28T13:48:28+00:00","dateModified":"2014-09-28T13:48:28+00:00","breadcrumb":{"@id":"https:\/\/metallisation.ee\/lv\/pakalpojumi\/#breadcrumb"},"inLanguage":"lv-LV","potentialAction":[{"@type":"ReadAction","target":["https:\/\/metallisation.ee\/lv\/pakalpojumi\/"]}]},{"@type":"BreadcrumbList","@id":"https:\/\/metallisation.ee\/lv\/pakalpojumi\/#breadcrumb","itemListElement":[{"@type":"ListItem","position":1,"name":"Home","item":"https:\/\/metallisation.ee\/lv\/"},{"@type":"ListItem","position":2,"name":"Pakalpojumi"}]}]}},"_links":{"self":[{"href":"https:\/\/metallisation.ee\/lv\/wp-json\/wp\/v2\/pages\/2351"}],"collection":[{"href":"https:\/\/metallisation.ee\/lv\/wp-json\/wp\/v2\/pages"}],"about":[{"href":"https:\/\/metallisation.ee\/lv\/wp-json\/wp\/v2\/types\/page"}],"author":[{"embeddable":true,"href":"https:\/\/metallisation.ee\/lv\/wp-json\/wp\/v2\/users\/2"}],"replies":[{"embeddable":true,"href":"https:\/\/metallisation.ee\/lv\/wp-json\/wp\/v2\/comments?post=2351"}],"version-history":[{"count":1,"href":"https:\/\/metallisation.ee\/lv\/wp-json\/wp\/v2\/pages\/2351\/revisions"}],"predecessor-version":[{"id":2352,"href":"https:\/\/metallisation.ee\/lv\/wp-json\/wp\/v2\/pages\/2351\/revisions\/2352"}],"wp:attachment":[{"href":"https:\/\/metallisation.ee\/lv\/wp-json\/wp\/v2\/media?parent=2351"}],"curies":[{"name":"wp","href":"https:\/\/api.w.org\/{rel}","templated":true}]}}