{"id":2343,"date":"2014-09-28T16:39:37","date_gmt":"2014-09-28T13:39:37","guid":{"rendered":"https:\/\/metallisation.ee\/?page_id=2343"},"modified":"2014-09-28T16:39:37","modified_gmt":"2014-09-28T13:39:37","slug":"metalizacija","status":"publish","type":"page","link":"https:\/\/metallisation.ee\/lv\/metalizacija\/","title":{"rendered":"Metaliz\u0101cija"},"content":{"rendered":"<div class=\"twelve column \">\nMetaliz\u0101cija ir termisk\u0101s smidzin\u0101\u0161anas process, kura gait\u0101 pievieno t\u012brus met\u0101lus vai sakaus\u0113jumus k\u0101 p\u0101rkl\u0101juma sl\u0101ni uz \u013coti da\u017e\u0101diem pamatmateri\u0101liem. Izmantotie met\u0101li nav kr\u0101sas ar met\u0101la da\u013ci\u0146\u0101m, bet cietie met\u0101li, kas ir izkaus\u0113ti un izsmidzin\u0101ti, lai rad\u012btu p\u0101rkl\u0101juma sl\u0101ni.  <\/p>\n<p>Kaus\u0113tas met\u0101la da\u013ci\u0146as saciet\u0113 uzreiz, kad nok\u013c\u016bst uz pamatmateri\u0101la, kas parasti tiek iepriek\u0161 att\u012br\u012bts ar abraz\u012bvu pulveri. Ar abraz\u012bvu pulveri not\u012br\u012bta virsma nodro\u0161ina perfektu priek\u0161nosac\u012bjumu nevainojama p\u0101rkl\u0101juma sl\u0101\u0146a rad\u012b\u0161anai.<\/p>\n<div class=\"note-folded blue \">Metaliz\u0101ciju izmanto daudzos pretkorozijas un tehniskajos tirgos, piem\u0113ram, nafta un g\u0101ze, b\u016bvniec\u012bba, naftas \u0137\u012bmija un j\u016brlietas. \u0160aj\u0101s nozar\u0113s korozija ir galven\u0101 probl\u0113ma.Termiskaj\u0101 uzsmidzin\u0101\u0161an\u0101 parasti izmanto \u010detras metodes: gl\u0101zliesmas uzsmidzin\u0101\u0161ana, lokveida uzsmidzin\u0101\u0161ana, plazmisk\u0101 uzsmidzin\u0101\u0161ana un liela \u0101truma termisk\u0101 uzputin\u0101\u0161ana (HVOF), bet parasti no t\u0101m piem\u0113ro tikai divas, gl\u0101zliesmas uzsmidzin\u0101\u0161anu un lokveida uzsmidzin\u0101\u0161anu apstr\u0101des p\u0101rkl\u0101juma sl\u0101\u0146iem.<\/div>\n<p>T\u0101 k\u0101 siltumener\u0123ijas kaus\u0113t\u0101s dali\u0146as ir mazas, sal\u012bdzinot ar uzsmidzin\u0101t\u0101s vielas daudzumu, proced\u016bra izdala pamatmateri\u0101lam \u013coti maz siltuma (parasti daudz maz\u0101k nek\u0101 100\u00b0C). T\u0101 k\u0101 p\u0101rkl\u0101to da\u013cu temperat\u016bras pieaugums ir minim\u0101ls, tad nerodas deform\u0101cija no karstuma ietekmes. T\u0101 ir galven\u0101 priek\u0161roc\u012bba, sal\u012bdzinot ar iegremd\u0113\u0161anu karst\u0101 cinka vann\u0101.<\/p>\n<\/div>\n<div class=\"six column \">\n<h4><strong>Pretkorozijas apstr\u0101de<\/strong><\/h4>\n<p>Termisk\u0101 uzsmidzin\u0101\u0161ana ir tehnolo\u0123ija, kas aizsarg\u0101 un pagarina liel\u0101 m\u0113r\u0101 daudzu produktu m\u016b\u017eu agres\u012bv\u0101s vid\u0113s un situ\u0101cij\u0101s, kur\u0101s p\u0101rkl\u0101jumi garam m\u016b\u017eam ir b\u016btiski. Metaliz\u0113tu p\u0101rkl\u0101jumu sl\u0101\u0146u izv\u0113le ir milz\u012bga, ta\u010du to var iedal\u012bt div\u0101s galven\u0101s pamatkategorij\u0101s. Tie ir apstr\u0101des p\u0101rkl\u0101juma sl\u0101\u0146i, piem\u0113ram, pretkorozijas vai dekorat\u012bvie p\u0101rkl\u0101juma sl\u0101\u0146i un tehniskie p\u0101rkl\u0101jumi, k\u0101 nodiluma iztur\u012bgi, un p\u0101rkl\u0101jumi ar termisko barjeru.<\/p>\n<h4><strong>Galvenais<\/strong><\/h4>\n<p>Visas termisk\u0101s smidzin\u0101\u0161anas metodes ietver s\u012bku kaus\u0113tu da\u013ci\u0146u pieg\u0101di sagatavotai virsmai, kur t\u0101s piestiprin\u0101s, un veido nep\u0101rtrauktu p\u0101rkl\u0101jumu. Kaus\u0113tu da\u013ci\u0146u ieg\u016b\u0161anai ir nepiecie\u0161ams siltuma avots, uzsmidzin\u0101ma viela un projekcijas metode. Kontakt\u0101 da\u013ci\u0146as saplacin\u0101s uz virsmas, saciet\u0113 un meh\u0101niski sasaist\u0101s, pirmk\u0101rt ar raupji modific\u0113tu pamatmateri\u0101lu, un tad viena ar otru, kad p\u0101rkl\u0101juma sl\u0101\u0146a biezums palielin\u0101s.\n<\/p><\/div>\n<div class=\"six column \">\n<img class=\"alignleft imghide-tablet imghide-mobile\" src=\"https:\/\/metallisation.ee\/wp-content\/uploads\/korrosioonivastane-viimistlus.jpg\" alt=\"\" \/>\n<\/div>\n","protected":false},"excerpt":{"rendered":"","protected":false},"author":2,"featured_media":0,"parent":0,"menu_order":0,"comment_status":"open","ping_status":"open","template":"page-templates\/template-no-bottom-gape.php","meta":[],"yoast_head":"<!-- This site is optimized with the Yoast SEO plugin v18.0 - https:\/\/yoast.com\/wordpress\/plugins\/seo\/ -->\n<title>Metaliz\u0101cija - Metalliseering O\u00dc<\/title>\n<meta name=\"robots\" content=\"index, follow, max-snippet:-1, max-image-preview:large, max-video-preview:-1\" \/>\n<link rel=\"canonical\" href=\"https:\/\/metallisation.ee\/lv\/metalizacija\/\" \/>\n<meta property=\"og:locale\" content=\"lv_LV\" \/>\n<meta property=\"og:type\" content=\"article\" \/>\n<meta property=\"og:title\" content=\"Metaliz\u0101cija - Metalliseering O\u00dc\" \/>\n<meta property=\"og:url\" content=\"https:\/\/metallisation.ee\/lv\/metalizacija\/\" \/>\n<meta property=\"og:site_name\" content=\"Metalliseering O\u00dc\" \/>\n<meta name=\"twitter:label1\" content=\"Est. reading time\" \/>\n\t<meta name=\"twitter:data1\" content=\"2 min\u016btes\" \/>\n<script type=\"application\/ld+json\" class=\"yoast-schema-graph\">{\"@context\":\"https:\/\/schema.org\",\"@graph\":[{\"@type\":\"WebSite\",\"@id\":\"https:\/\/metallisation.ee\/#website\",\"url\":\"https:\/\/metallisation.ee\/\",\"name\":\"Metalliseering O\u00dc\",\"description\":\"\",\"potentialAction\":[{\"@type\":\"SearchAction\",\"target\":{\"@type\":\"EntryPoint\",\"urlTemplate\":\"https:\/\/metallisation.ee\/?s={search_term_string}\"},\"query-input\":\"required name=search_term_string\"}],\"inLanguage\":\"lv-LV\"},{\"@type\":\"WebPage\",\"@id\":\"https:\/\/metallisation.ee\/lv\/metalizacija\/#webpage\",\"url\":\"https:\/\/metallisation.ee\/lv\/metalizacija\/\",\"name\":\"Metaliz\u0101cija - Metalliseering O\u00dc\",\"isPartOf\":{\"@id\":\"https:\/\/metallisation.ee\/#website\"},\"datePublished\":\"2014-09-28T13:39:37+00:00\",\"dateModified\":\"2014-09-28T13:39:37+00:00\",\"breadcrumb\":{\"@id\":\"https:\/\/metallisation.ee\/lv\/metalizacija\/#breadcrumb\"},\"inLanguage\":\"lv-LV\",\"potentialAction\":[{\"@type\":\"ReadAction\",\"target\":[\"https:\/\/metallisation.ee\/lv\/metalizacija\/\"]}]},{\"@type\":\"BreadcrumbList\",\"@id\":\"https:\/\/metallisation.ee\/lv\/metalizacija\/#breadcrumb\",\"itemListElement\":[{\"@type\":\"ListItem\",\"position\":1,\"name\":\"Home\",\"item\":\"https:\/\/metallisation.ee\/lv\/\"},{\"@type\":\"ListItem\",\"position\":2,\"name\":\"Metaliz\u0101cija\"}]}]}<\/script>\n<!-- \/ Yoast SEO plugin. -->","yoast_head_json":{"title":"Metaliz\u0101cija - Metalliseering O\u00dc","robots":{"index":"index","follow":"follow","max-snippet":"max-snippet:-1","max-image-preview":"max-image-preview:large","max-video-preview":"max-video-preview:-1"},"canonical":"https:\/\/metallisation.ee\/lv\/metalizacija\/","og_locale":"lv_LV","og_type":"article","og_title":"Metaliz\u0101cija - Metalliseering O\u00dc","og_url":"https:\/\/metallisation.ee\/lv\/metalizacija\/","og_site_name":"Metalliseering O\u00dc","twitter_misc":{"Est. reading time":"2 min\u016btes"},"schema":{"@context":"https:\/\/schema.org","@graph":[{"@type":"WebSite","@id":"https:\/\/metallisation.ee\/#website","url":"https:\/\/metallisation.ee\/","name":"Metalliseering O\u00dc","description":"","potentialAction":[{"@type":"SearchAction","target":{"@type":"EntryPoint","urlTemplate":"https:\/\/metallisation.ee\/?s={search_term_string}"},"query-input":"required name=search_term_string"}],"inLanguage":"lv-LV"},{"@type":"WebPage","@id":"https:\/\/metallisation.ee\/lv\/metalizacija\/#webpage","url":"https:\/\/metallisation.ee\/lv\/metalizacija\/","name":"Metaliz\u0101cija - Metalliseering O\u00dc","isPartOf":{"@id":"https:\/\/metallisation.ee\/#website"},"datePublished":"2014-09-28T13:39:37+00:00","dateModified":"2014-09-28T13:39:37+00:00","breadcrumb":{"@id":"https:\/\/metallisation.ee\/lv\/metalizacija\/#breadcrumb"},"inLanguage":"lv-LV","potentialAction":[{"@type":"ReadAction","target":["https:\/\/metallisation.ee\/lv\/metalizacija\/"]}]},{"@type":"BreadcrumbList","@id":"https:\/\/metallisation.ee\/lv\/metalizacija\/#breadcrumb","itemListElement":[{"@type":"ListItem","position":1,"name":"Home","item":"https:\/\/metallisation.ee\/lv\/"},{"@type":"ListItem","position":2,"name":"Metaliz\u0101cija"}]}]}},"_links":{"self":[{"href":"https:\/\/metallisation.ee\/lv\/wp-json\/wp\/v2\/pages\/2343"}],"collection":[{"href":"https:\/\/metallisation.ee\/lv\/wp-json\/wp\/v2\/pages"}],"about":[{"href":"https:\/\/metallisation.ee\/lv\/wp-json\/wp\/v2\/types\/page"}],"author":[{"embeddable":true,"href":"https:\/\/metallisation.ee\/lv\/wp-json\/wp\/v2\/users\/2"}],"replies":[{"embeddable":true,"href":"https:\/\/metallisation.ee\/lv\/wp-json\/wp\/v2\/comments?post=2343"}],"version-history":[{"count":1,"href":"https:\/\/metallisation.ee\/lv\/wp-json\/wp\/v2\/pages\/2343\/revisions"}],"predecessor-version":[{"id":2344,"href":"https:\/\/metallisation.ee\/lv\/wp-json\/wp\/v2\/pages\/2343\/revisions\/2344"}],"wp:attachment":[{"href":"https:\/\/metallisation.ee\/lv\/wp-json\/wp\/v2\/media?parent=2343"}],"curies":[{"name":"wp","href":"https:\/\/api.w.org\/{rel}","templated":true}]}}