{"id":2340,"date":"2014-09-28T16:36:40","date_gmt":"2014-09-28T13:36:40","guid":{"rendered":"https:\/\/metallisation.ee\/?page_id=2340"},"modified":"2020-09-14T09:23:39","modified_gmt":"2020-09-14T06:23:39","slug":"sakumlapa","status":"publish","type":"page","link":"https:\/\/metallisation.ee\/lv\/","title":{"rendered":"S\u0101kumlapa"},"content":{"rendered":"<div class=\"twelve column \">\n<div class=\"promo-box\">\n<h3 class=\"smallmargin-bottom\"><strong>T\u0113rauda izstr\u0101d\u0101jumu<\/strong> <span class=\"highlight \"><strong>metaliz\u0101cija<\/strong><\/span><\/h3>\n<p><a title=\"Metallisation LTD\" href=\"http:\/\/www.metallisation.com\" target=\"_blank\" rel=\"noopener noreferrer\"><img class=\"alignright\" src=\"https:\/\/metallisation.ee\/wp-content\/uploads\/metallisation.jpg\" alt=\"Metallisation LTD\" \/><\/a><\/p>\n<p>Metalliseering O\u00dc ir dibin\u0101ts sadarb\u012bb\u0101 ar Lielbrit\u0101nijas uz\u0146\u0113mumu Metallisation Ltd, ar m\u0113r\u0137i sniegt metaliz\u0101cijas jomas apm\u0101c\u012bbas, pakalpojumus un iek\u0101rtas, kas izstr\u0101d\u0101ti balstoties uz augsto tehnolo\u0123iju. Lielbrit\u0101nijas uz\u0146\u0113mums Metallisation Ltd ar metaliz\u0101ciju nodarbojas kop\u0161 1922.g., un pamatojoties uz ilgu pieredzi \u0161aj\u0101 jom\u0101, \u0161obr\u012bd ir izstr\u0101d\u0101jis pirmklas\u012bgu un neap\u0161aub\u0101mi unik\u0101lu ar div\u0101m stiepl\u0113m \u013coti uzticamu un lietot\u0101jam draudz\u012bgu lokveida smidzin\u0101\u0161anas ier\u012bci ARC 140\/S350-CL. Ier\u012bce pied\u0101v\u0101 perfektas metaliz\u0101cijas iesp\u0113jas gan ier\u012bces lietot\u0101jiem, k\u0101 ar\u012b tiem, kam nepiecie\u0161ami augstas kvalit\u0101tes pakalpojumi (detaliz\u0113ts apraksts ier\u012bces specifik\u0101cij\u0101).<\/p>\n<p>Metalliseering O\u00dc nodro\u0161ina iek\u0101rtu regul\u0101ro apkopi, profesion\u0101l\u0101s apm\u0101c\u012bbas un operat\u012bvu pal\u012bdz\u012bbu. Klienta apmierin\u0101t\u012bba ir mums ir svar\u012bga, t\u0101d\u0113j\u0101di iek\u0101rtu p\u0101rdo\u0161an vadamies no katra pirc\u0113ja vajadz\u012bb\u0101m un atbilsto\u0161i \u0161im, ar\u012b pied\u0101v\u0101to iek\u0101rtu uzst\u0101d\u012b\u0161ana lab\u0101ko in\u017eenieru l\u012bmen\u012b l\u012bdz gala lietot\u0101ju apm\u0101c\u012bbai.<\/p>\n<\/div>\n<\/div>\n","protected":false},"excerpt":{"rendered":"","protected":false},"author":2,"featured_media":0,"parent":0,"menu_order":0,"comment_status":"closed","ping_status":"closed","template":"","meta":[],"yoast_head":"<!-- This site is optimized with the Yoast SEO plugin v18.0 - https:\/\/yoast.com\/wordpress\/plugins\/seo\/ -->\n<title>S\u0101kumlapa - Metalliseering O\u00dc<\/title>\n<meta name=\"robots\" content=\"index, follow, max-snippet:-1, max-image-preview:large, max-video-preview:-1\" \/>\n<link rel=\"canonical\" href=\"https:\/\/metallisation.ee\/lv\/\" \/>\n<meta property=\"og:locale\" content=\"lv_LV\" \/>\n<meta property=\"og:type\" content=\"article\" \/>\n<meta property=\"og:title\" content=\"S\u0101kumlapa - Metalliseering O\u00dc\" \/>\n<meta property=\"og:url\" content=\"https:\/\/metallisation.ee\/lv\/\" \/>\n<meta property=\"og:site_name\" content=\"Metalliseering O\u00dc\" \/>\n<meta property=\"article:modified_time\" content=\"2020-09-14T06:23:39+00:00\" \/>\n<meta property=\"og:image\" content=\"https:\/\/metallisation.ee\/wp-content\/uploads\/metallisation.jpg\" \/>\n<meta name=\"twitter:label1\" content=\"Est. reading time\" \/>\n\t<meta name=\"twitter:data1\" content=\"1 min\u016bte\" \/>\n<script type=\"application\/ld+json\" class=\"yoast-schema-graph\">{\"@context\":\"https:\/\/schema.org\",\"@graph\":[{\"@type\":\"WebSite\",\"@id\":\"https:\/\/metallisation.ee\/#website\",\"url\":\"https:\/\/metallisation.ee\/\",\"name\":\"Metalliseering O\u00dc\",\"description\":\"\",\"potentialAction\":[{\"@type\":\"SearchAction\",\"target\":{\"@type\":\"EntryPoint\",\"urlTemplate\":\"https:\/\/metallisation.ee\/?s={search_term_string}\"},\"query-input\":\"required name=search_term_string\"}],\"inLanguage\":\"lv-LV\"},{\"@type\":\"ImageObject\",\"@id\":\"https:\/\/metallisation.ee\/lv\/#primaryimage\",\"inLanguage\":\"lv-LV\",\"url\":\"https:\/\/metallisation.ee\/wp-content\/uploads\/metallisation.jpg\",\"contentUrl\":\"https:\/\/metallisation.ee\/wp-content\/uploads\/metallisation.jpg\"},{\"@type\":\"WebPage\",\"@id\":\"https:\/\/metallisation.ee\/lv\/#webpage\",\"url\":\"https:\/\/metallisation.ee\/lv\/\",\"name\":\"S\u0101kumlapa - Metalliseering O\u00dc\",\"isPartOf\":{\"@id\":\"https:\/\/metallisation.ee\/#website\"},\"primaryImageOfPage\":{\"@id\":\"https:\/\/metallisation.ee\/lv\/#primaryimage\"},\"datePublished\":\"2014-09-28T13:36:40+00:00\",\"dateModified\":\"2020-09-14T06:23:39+00:00\",\"breadcrumb\":{\"@id\":\"https:\/\/metallisation.ee\/lv\/#breadcrumb\"},\"inLanguage\":\"lv-LV\",\"potentialAction\":[{\"@type\":\"ReadAction\",\"target\":[\"https:\/\/metallisation.ee\/lv\/\"]}]},{\"@type\":\"BreadcrumbList\",\"@id\":\"https:\/\/metallisation.ee\/lv\/#breadcrumb\",\"itemListElement\":[{\"@type\":\"ListItem\",\"position\":1,\"name\":\"Home\",\"item\":\"https:\/\/metallisation.ee\/lv\/\"},{\"@type\":\"ListItem\",\"position\":2,\"name\":\"S\u0101kumlapa\"}]}]}<\/script>\n<!-- \/ Yoast SEO plugin. -->","yoast_head_json":{"title":"S\u0101kumlapa - Metalliseering O\u00dc","robots":{"index":"index","follow":"follow","max-snippet":"max-snippet:-1","max-image-preview":"max-image-preview:large","max-video-preview":"max-video-preview:-1"},"canonical":"https:\/\/metallisation.ee\/lv\/","og_locale":"lv_LV","og_type":"article","og_title":"S\u0101kumlapa - Metalliseering O\u00dc","og_url":"https:\/\/metallisation.ee\/lv\/","og_site_name":"Metalliseering O\u00dc","article_modified_time":"2020-09-14T06:23:39+00:00","og_image":[{"url":"https:\/\/metallisation.ee\/wp-content\/uploads\/metallisation.jpg"}],"twitter_misc":{"Est. reading time":"1 min\u016bte"},"schema":{"@context":"https:\/\/schema.org","@graph":[{"@type":"WebSite","@id":"https:\/\/metallisation.ee\/#website","url":"https:\/\/metallisation.ee\/","name":"Metalliseering O\u00dc","description":"","potentialAction":[{"@type":"SearchAction","target":{"@type":"EntryPoint","urlTemplate":"https:\/\/metallisation.ee\/?s={search_term_string}"},"query-input":"required name=search_term_string"}],"inLanguage":"lv-LV"},{"@type":"ImageObject","@id":"https:\/\/metallisation.ee\/lv\/#primaryimage","inLanguage":"lv-LV","url":"https:\/\/metallisation.ee\/wp-content\/uploads\/metallisation.jpg","contentUrl":"https:\/\/metallisation.ee\/wp-content\/uploads\/metallisation.jpg"},{"@type":"WebPage","@id":"https:\/\/metallisation.ee\/lv\/#webpage","url":"https:\/\/metallisation.ee\/lv\/","name":"S\u0101kumlapa - Metalliseering O\u00dc","isPartOf":{"@id":"https:\/\/metallisation.ee\/#website"},"primaryImageOfPage":{"@id":"https:\/\/metallisation.ee\/lv\/#primaryimage"},"datePublished":"2014-09-28T13:36:40+00:00","dateModified":"2020-09-14T06:23:39+00:00","breadcrumb":{"@id":"https:\/\/metallisation.ee\/lv\/#breadcrumb"},"inLanguage":"lv-LV","potentialAction":[{"@type":"ReadAction","target":["https:\/\/metallisation.ee\/lv\/"]}]},{"@type":"BreadcrumbList","@id":"https:\/\/metallisation.ee\/lv\/#breadcrumb","itemListElement":[{"@type":"ListItem","position":1,"name":"Home","item":"https:\/\/metallisation.ee\/lv\/"},{"@type":"ListItem","position":2,"name":"S\u0101kumlapa"}]}]}},"_links":{"self":[{"href":"https:\/\/metallisation.ee\/lv\/wp-json\/wp\/v2\/pages\/2340"}],"collection":[{"href":"https:\/\/metallisation.ee\/lv\/wp-json\/wp\/v2\/pages"}],"about":[{"href":"https:\/\/metallisation.ee\/lv\/wp-json\/wp\/v2\/types\/page"}],"author":[{"embeddable":true,"href":"https:\/\/metallisation.ee\/lv\/wp-json\/wp\/v2\/users\/2"}],"replies":[{"embeddable":true,"href":"https:\/\/metallisation.ee\/lv\/wp-json\/wp\/v2\/comments?post=2340"}],"version-history":[{"count":3,"href":"https:\/\/metallisation.ee\/lv\/wp-json\/wp\/v2\/pages\/2340\/revisions"}],"predecessor-version":[{"id":2773,"href":"https:\/\/metallisation.ee\/lv\/wp-json\/wp\/v2\/pages\/2340\/revisions\/2773"}],"wp:attachment":[{"href":"https:\/\/metallisation.ee\/lv\/wp-json\/wp\/v2\/media?parent=2340"}],"curies":[{"name":"wp","href":"https:\/\/api.w.org\/{rel}","templated":true}]}}